{"id":644,"date":"2020-04-07T16:44:35","date_gmt":"2020-04-07T19:44:35","guid":{"rendered":"https:\/\/ies6051-sal.infd.edu.ar\/sitio\/?page_id=644"},"modified":"2020-09-03T02:22:38","modified_gmt":"2020-09-03T05:22:38","slug":"catalogo","status":"publish","type":"page","link":"https:\/\/ies6051-sal.infd.edu.ar\/sitio\/catalogo\/","title":{"rendered":"Carreras"},"content":{"rendered":"<p>Profesorado de Educaci\u00f3n Secundaria en Biolog\u00eda<br \/>\nProfesorado de Educaci\u00f3n Secundaria en Geograf\u00eda<br \/>\nProfesorado de Educaci\u00f3n Secundaria en F\u00edsica<br \/>\nProfesorado de Educaci\u00f3n Secundaria en Matem\u00e1tica<br \/>\nProfesorado de Educaci\u00f3n Primaria\u00a0<a href=\"https:\/\/ies6051-sal.infd.edu.ar\/sitio\/wp-content\/uploads\/2020\/09\/Disenio_Curricular_Educacion_Primaria__Resolucion_538.pdf\">Dise\u00f1o Curricular R N\u00b0 538<\/a><\/p>\n","protected":false},"excerpt":{"rendered":"<p>Profesorado de Educaci\u00f3n Secundaria en Biolog\u00eda Profesorado de Educaci\u00f3n Secundaria en Geograf\u00eda Profesorado de Educaci\u00f3n Secundaria en F\u00edsica Profesorado de Educaci\u00f3n Secundaria en Matem\u00e1tica Profesorado de Educaci\u00f3n Primaria\u00a0Dise\u00f1o Curricular R N\u00b0 538<\/p>\n","protected":false},"author":1,"featured_media":0,"parent":0,"menu_order":0,"comment_status":"closed","ping_status":"closed","template":"","meta":[],"acf":[],"_links":{"self":[{"href":"https:\/\/ies6051-sal.infd.edu.ar\/sitio\/wp-json\/wp\/v2\/pages\/644"}],"collection":[{"href":"https:\/\/ies6051-sal.infd.edu.ar\/sitio\/wp-json\/wp\/v2\/pages"}],"about":[{"href":"https:\/\/ies6051-sal.infd.edu.ar\/sitio\/wp-json\/wp\/v2\/types\/page"}],"author":[{"embeddable":true,"href":"https:\/\/ies6051-sal.infd.edu.ar\/sitio\/wp-json\/wp\/v2\/users\/1"}],"replies":[{"embeddable":true,"href":"https:\/\/ies6051-sal.infd.edu.ar\/sitio\/wp-json\/wp\/v2\/comments?post=644"}],"version-history":[{"count":12,"href":"https:\/\/ies6051-sal.infd.edu.ar\/sitio\/wp-json\/wp\/v2\/pages\/644\/revisions"}],"predecessor-version":[{"id":803,"href":"https:\/\/ies6051-sal.infd.edu.ar\/sitio\/wp-json\/wp\/v2\/pages\/644\/revisions\/803"}],"wp:attachment":[{"href":"https:\/\/ies6051-sal.infd.edu.ar\/sitio\/wp-json\/wp\/v2\/media?parent=644"}],"curies":[{"name":"wp","href":"https:\/\/api.w.org\/{rel}","templated":true}]}}